{"id":11,"date":"2025-04-28T09:34:32","date_gmt":"2025-04-28T09:34:32","guid":{"rendered":"https:\/\/smokymorris.fi\/?page_id=11"},"modified":"2025-12-04T11:59:36","modified_gmt":"2025-12-04T11:59:36","slug":"koti","status":"publish","type":"page","link":"https:\/\/smokymorris.fi\/","title":{"rendered":"Koti"},"content":{"rendered":"\t\t<div data-elementor-type=\"wp-page\" data-elementor-id=\"11\" class=\"elementor elementor-11\">\n\t\t\t\t<div class=\"elementor-element elementor-element-055ecbd e-flex e-con-boxed e-con e-parent\" data-id=\"055ecbd\" data-element_type=\"container\" data-e-type=\"container\" data-settings=\"{&quot;background_background&quot;:&quot;classic&quot;}\">\n\t\t\t\t\t<div class=\"e-con-inner\">\n\t\t\t\t<div class=\"elementor-element elementor-element-d07f8ef elementor-widget elementor-widget-image\" data-id=\"d07f8ef\" data-element_type=\"widget\" data-e-type=\"widget\" data-widget_type=\"image.default\">\n\t\t\t\t<div class=\"elementor-widget-container\">\n\t\t\t\t\t\t\t\t\t\t\t\t\t\t\t<img fetchpriority=\"high\" decoding=\"async\" width=\"1000\" height=\"1000\" src=\"https:\/\/smokymorris.fi\/wp-content\/uploads\/2025\/04\/smoky-morris-logo-4.png\" class=\"attachment-large size-large wp-image-35\" alt=\"\" srcset=\"https:\/\/smokymorris.fi\/wp-content\/uploads\/2025\/04\/smoky-morris-logo-4.png 1000w, https:\/\/smokymorris.fi\/wp-content\/uploads\/2025\/04\/smoky-morris-logo-4-300x300.png 300w, https:\/\/smokymorris.fi\/wp-content\/uploads\/2025\/04\/smoky-morris-logo-4-150x150.png 150w, https:\/\/smokymorris.fi\/wp-content\/uploads\/2025\/04\/smoky-morris-logo-4-768x768.png 768w\" sizes=\"(max-width: 1000px) 100vw, 1000px\" \/>\t\t\t\t\t\t\t\t\t\t\t\t\t\t\t<\/div>\n\t\t\t\t<\/div>\n\t\t\t\t<div class=\"elementor-element elementor-element-fff958b elementor-widget elementor-widget-text-editor\" data-id=\"fff958b\" data-element_type=\"widget\" data-e-type=\"widget\" data-widget_type=\"text-editor.default\">\n\t\t\t\t<div class=\"elementor-widget-container\">\n\t\t\t\t\t\t\t\t\t<p><strong>Suljettu toistaiseksi<\/strong>, avaamme taas kev\u00e4\u00e4ll\u00e4 2026!<br \/>Uusi ravintolamme Morris &amp; Mary palvelee 13.12 alkaen Porin kauppahallissa.<\/p><p><span style=\"color: #c25a2c;\"><strong>Menu<\/strong><\/span><br \/><span style=\"color: #c25a2c;\">Lataa <a style=\"color: #c25a2c;\" href=\"https:\/\/smokymorris.fi\/wp-content\/uploads\/2025\/07\/Smoky-Morris-Menu-Suomi-web.pdf\">t\u00e4st\u00e4<\/a> pdf-muodossa.<\/span><\/p><p><span style=\"color: #c25a2c;\"><strong>P\u00f6yt\u00e4varaukset<\/strong><\/span><br \/><span style=\"color: #c25a2c;\">info@smokymorris.fi<\/span><\/p><p><span style=\"color: #c25a2c;\"><strong>Aukioloajat<\/strong><br \/><\/span>&#8211;<\/p><p><span style=\"color: #c25a2c;\">Satamapuisto 1, 28900 Pori<\/span><\/p>\t\t\t\t\t\t\t\t<\/div>\n\t\t\t\t<\/div>\n\t\t\t\t\t<\/div>\n\t\t\t\t<\/div>\n\t\t<div class=\"elementor-element elementor-element-866d995 e-flex e-con-boxed e-con e-parent\" data-id=\"866d995\" data-element_type=\"container\" data-e-type=\"container\">\n\t\t\t\t\t<div class=\"e-con-inner\">\n\t\t\t\t<div class=\"elementor-element elementor-element-e37e0f3 elementor-widget elementor-widget-text-editor\" data-id=\"e37e0f3\" data-element_type=\"widget\" data-e-type=\"widget\" data-widget_type=\"text-editor.default\">\n\t\t\t\t<div class=\"elementor-widget-container\">\n\t\t\t\t\t\t\t\t\t<p><span style=\"color: #c25a2c;\"><strong>Tarkastuskertomus<\/strong><\/span><br \/><span style=\"color: #c25a2c;\">Lataa <a style=\"color: #c25a2c;\" href=\"https:\/\/smokymorris.fi\/wp-content\/uploads\/2025\/09\/TarkastuskertomusOiva_Holy-Smoke-Reposaari_17380282.pdf\">t\u00e4st\u00e4<\/a> pdf-muodossa.<\/span><\/p>\t\t\t\t\t\t\t\t<\/div>\n\t\t\t\t<\/div>\n\t\t\t\t\t<\/div>\n\t\t\t\t<\/div>\n\t\t<div class=\"elementor-element elementor-element-3febab2 e-flex e-con-boxed e-con e-parent\" data-id=\"3febab2\" data-element_type=\"container\" data-e-type=\"container\">\n\t\t\t\t\t<div class=\"e-con-inner\">\n\t\t\t\t<div class=\"elementor-element elementor-element-797444d elementor-widget elementor-widget-image\" data-id=\"797444d\" data-element_type=\"widget\" data-e-type=\"widget\" data-widget_type=\"image.default\">\n\t\t\t\t<div class=\"elementor-widget-container\">\n\t\t\t\t\t\t\t\t\t\t\t\t\t\t\t<img decoding=\"async\" src=\"https:\/\/smokymorris.fi\/wp-content\/uploads\/2025\/04\/Smoky-Morris-Menu2-scaled.png\" title=\"\" alt=\"\" loading=\"lazy\" \/>\t\t\t\t\t\t\t\t\t\t\t\t\t\t\t<\/div>\n\t\t\t\t<\/div>\n\t\t\t\t\t<\/div>\n\t\t\t\t<\/div>\n\t\t<div class=\"elementor-element elementor-element-1ef1188 e-flex e-con-boxed e-con e-parent\" data-id=\"1ef1188\" data-element_type=\"container\" data-e-type=\"container\">\n\t\t\t\t\t<div class=\"e-con-inner\">\n\t\t<div class=\"elementor-element elementor-element-3eed9fc e-con-full e-flex e-con e-child\" data-id=\"3eed9fc\" data-element_type=\"container\" data-e-type=\"container\">\n\t\t\t\t<div class=\"elementor-element elementor-element-148035b elementor-widget elementor-widget-image\" data-id=\"148035b\" data-element_type=\"widget\" data-e-type=\"widget\" data-widget_type=\"image.default\">\n\t\t\t\t<div class=\"elementor-widget-container\">\n\t\t\t\t\t\t\t\t\t\t\t\t\t\t\t<img decoding=\"async\" width=\"483\" height=\"1024\" src=\"https:\/\/smokymorris.fi\/wp-content\/uploads\/2025\/07\/01-483x1024.png\" class=\"attachment-large size-large wp-image-121\" alt=\"\" srcset=\"https:\/\/smokymorris.fi\/wp-content\/uploads\/2025\/07\/01-483x1024.png 483w, https:\/\/smokymorris.fi\/wp-content\/uploads\/2025\/07\/01-141x300.png 141w, https:\/\/smokymorris.fi\/wp-content\/uploads\/2025\/07\/01-768x1629.png 768w, https:\/\/smokymorris.fi\/wp-content\/uploads\/2025\/07\/01-724x1536.png 724w, https:\/\/smokymorris.fi\/wp-content\/uploads\/2025\/07\/01.png 794w\" sizes=\"(max-width: 483px) 100vw, 483px\" \/>\t\t\t\t\t\t\t\t\t\t\t\t\t\t\t<\/div>\n\t\t\t\t<\/div>\n\t\t\t\t<\/div>\n\t\t<div class=\"elementor-element elementor-element-5cd20a5 e-con-full e-flex e-con e-child\" data-id=\"5cd20a5\" data-element_type=\"container\" data-e-type=\"container\">\n\t\t\t\t<div class=\"elementor-element elementor-element-69604a8 elementor-widget elementor-widget-image\" data-id=\"69604a8\" data-element_type=\"widget\" data-e-type=\"widget\" data-widget_type=\"image.default\">\n\t\t\t\t<div class=\"elementor-widget-container\">\n\t\t\t\t\t\t\t\t\t\t\t\t\t\t\t<img decoding=\"async\" width=\"483\" height=\"1024\" src=\"https:\/\/smokymorris.fi\/wp-content\/uploads\/2025\/07\/02-483x1024.png\" class=\"attachment-large size-large wp-image-122\" alt=\"\" srcset=\"https:\/\/smokymorris.fi\/wp-content\/uploads\/2025\/07\/02-483x1024.png 483w, https:\/\/smokymorris.fi\/wp-content\/uploads\/2025\/07\/02-141x300.png 141w, https:\/\/smokymorris.fi\/wp-content\/uploads\/2025\/07\/02-768x1629.png 768w, https:\/\/smokymorris.fi\/wp-content\/uploads\/2025\/07\/02-724x1536.png 724w, https:\/\/smokymorris.fi\/wp-content\/uploads\/2025\/07\/02.png 794w\" sizes=\"(max-width: 483px) 100vw, 483px\" \/>\t\t\t\t\t\t\t\t\t\t\t\t\t\t\t<\/div>\n\t\t\t\t<\/div>\n\t\t\t\t<\/div>\n\t\t<div class=\"elementor-element elementor-element-fd5b9b0 e-con-full e-flex e-con e-child\" data-id=\"fd5b9b0\" data-element_type=\"container\" data-e-type=\"container\">\n\t\t\t\t<div class=\"elementor-element elementor-element-f9fa2cd elementor-widget elementor-widget-image\" data-id=\"f9fa2cd\" data-element_type=\"widget\" data-e-type=\"widget\" data-widget_type=\"image.default\">\n\t\t\t\t<div class=\"elementor-widget-container\">\n\t\t\t\t\t\t\t\t\t\t\t\t\t\t\t<img loading=\"lazy\" decoding=\"async\" width=\"483\" height=\"1024\" src=\"https:\/\/smokymorris.fi\/wp-content\/uploads\/2025\/07\/03-483x1024.png\" class=\"attachment-large size-large wp-image-123\" alt=\"\" srcset=\"https:\/\/smokymorris.fi\/wp-content\/uploads\/2025\/07\/03-483x1024.png 483w, https:\/\/smokymorris.fi\/wp-content\/uploads\/2025\/07\/03-141x300.png 141w, https:\/\/smokymorris.fi\/wp-content\/uploads\/2025\/07\/03-768x1629.png 768w, https:\/\/smokymorris.fi\/wp-content\/uploads\/2025\/07\/03-724x1536.png 724w, https:\/\/smokymorris.fi\/wp-content\/uploads\/2025\/07\/03.png 794w\" sizes=\"(max-width: 483px) 100vw, 483px\" \/>\t\t\t\t\t\t\t\t\t\t\t\t\t\t\t<\/div>\n\t\t\t\t<\/div>\n\t\t\t\t<\/div>\n\t\t\t\t\t<\/div>\n\t\t\t\t<\/div>\n\t\t<div class=\"elementor-element elementor-element-e8939b8 e-flex e-con-boxed e-con e-parent\" data-id=\"e8939b8\" data-element_type=\"container\" data-e-type=\"container\">\n\t\t\t\t\t<div class=\"e-con-inner\">\n\t\t<div class=\"elementor-element elementor-element-4a98859 e-con-full e-flex e-con e-child\" data-id=\"4a98859\" data-element_type=\"container\" data-e-type=\"container\">\n\t\t\t\t<div class=\"elementor-element elementor-element-b5fe9a4 elementor-widget elementor-widget-image\" data-id=\"b5fe9a4\" data-element_type=\"widget\" data-e-type=\"widget\" data-widget_type=\"image.default\">\n\t\t\t\t<div class=\"elementor-widget-container\">\n\t\t\t\t\t\t\t\t\t\t\t\t\t\t\t<img loading=\"lazy\" decoding=\"async\" width=\"483\" height=\"1024\" src=\"https:\/\/smokymorris.fi\/wp-content\/uploads\/2025\/07\/04-483x1024.png\" class=\"attachment-large size-large wp-image-124\" alt=\"\" srcset=\"https:\/\/smokymorris.fi\/wp-content\/uploads\/2025\/07\/04-483x1024.png 483w, https:\/\/smokymorris.fi\/wp-content\/uploads\/2025\/07\/04-141x300.png 141w, https:\/\/smokymorris.fi\/wp-content\/uploads\/2025\/07\/04-768x1629.png 768w, https:\/\/smokymorris.fi\/wp-content\/uploads\/2025\/07\/04-724x1536.png 724w, https:\/\/smokymorris.fi\/wp-content\/uploads\/2025\/07\/04.png 794w\" sizes=\"(max-width: 483px) 100vw, 483px\" \/>\t\t\t\t\t\t\t\t\t\t\t\t\t\t\t<\/div>\n\t\t\t\t<\/div>\n\t\t\t\t<\/div>\n\t\t<div class=\"elementor-element elementor-element-2a188a0 e-con-full e-flex e-con e-child\" data-id=\"2a188a0\" data-element_type=\"container\" data-e-type=\"container\">\n\t\t\t\t<div class=\"elementor-element elementor-element-244a74f elementor-widget elementor-widget-image\" data-id=\"244a74f\" data-element_type=\"widget\" data-e-type=\"widget\" data-widget_type=\"image.default\">\n\t\t\t\t<div class=\"elementor-widget-container\">\n\t\t\t\t\t\t\t\t\t\t\t\t\t\t\t<img loading=\"lazy\" decoding=\"async\" width=\"483\" height=\"1024\" src=\"https:\/\/smokymorris.fi\/wp-content\/uploads\/2025\/07\/05-483x1024.png\" class=\"attachment-large size-large wp-image-125\" alt=\"\" srcset=\"https:\/\/smokymorris.fi\/wp-content\/uploads\/2025\/07\/05-483x1024.png 483w, https:\/\/smokymorris.fi\/wp-content\/uploads\/2025\/07\/05-141x300.png 141w, https:\/\/smokymorris.fi\/wp-content\/uploads\/2025\/07\/05-768x1629.png 768w, https:\/\/smokymorris.fi\/wp-content\/uploads\/2025\/07\/05-724x1536.png 724w, https:\/\/smokymorris.fi\/wp-content\/uploads\/2025\/07\/05.png 794w\" sizes=\"(max-width: 483px) 100vw, 483px\" \/>\t\t\t\t\t\t\t\t\t\t\t\t\t\t\t<\/div>\n\t\t\t\t<\/div>\n\t\t\t\t<\/div>\n\t\t<div class=\"elementor-element elementor-element-09c9ca1 e-con-full e-flex e-con e-child\" data-id=\"09c9ca1\" data-element_type=\"container\" data-e-type=\"container\">\n\t\t\t\t<div class=\"elementor-element elementor-element-267ef1f elementor-widget elementor-widget-image\" data-id=\"267ef1f\" data-element_type=\"widget\" data-e-type=\"widget\" data-widget_type=\"image.default\">\n\t\t\t\t<div class=\"elementor-widget-container\">\n\t\t\t\t\t\t\t\t\t\t\t\t\t\t\t<img loading=\"lazy\" decoding=\"async\" width=\"483\" height=\"1024\" src=\"https:\/\/smokymorris.fi\/wp-content\/uploads\/2025\/07\/06-483x1024.png\" class=\"attachment-large size-large wp-image-126\" alt=\"\" srcset=\"https:\/\/smokymorris.fi\/wp-content\/uploads\/2025\/07\/06-483x1024.png 483w, https:\/\/smokymorris.fi\/wp-content\/uploads\/2025\/07\/06-141x300.png 141w, https:\/\/smokymorris.fi\/wp-content\/uploads\/2025\/07\/06-768x1629.png 768w, https:\/\/smokymorris.fi\/wp-content\/uploads\/2025\/07\/06-724x1536.png 724w, https:\/\/smokymorris.fi\/wp-content\/uploads\/2025\/07\/06.png 794w\" sizes=\"(max-width: 483px) 100vw, 483px\" \/>\t\t\t\t\t\t\t\t\t\t\t\t\t\t\t<\/div>\n\t\t\t\t<\/div>\n\t\t\t\t<\/div>\n\t\t\t\t\t<\/div>\n\t\t\t\t<\/div>\n\t\t\t\t<\/div>\n\t\t","protected":false},"excerpt":{"rendered":"<p>Suljettu toistaiseksi, avaamme taas kev\u00e4\u00e4ll\u00e4 2026!Uusi ravintolamme Morris &amp; Mary palvelee 13.12 alkaen Porin kauppahallissa. MenuLataa t\u00e4st\u00e4 pdf-muodossa. P\u00f6yt\u00e4varauksetinfo@smokymorris.fi Aukioloajat&#8211; [&hellip;]<\/p>\n","protected":false},"author":1,"featured_media":0,"parent":0,"menu_order":0,"comment_status":"closed","ping_status":"closed","template":"","meta":{"site-sidebar-layout":"no-sidebar","site-content-layout":"","ast-site-content-layout":"full-width-container","site-content-style":"default","site-sidebar-style":"default","ast-global-header-display":"","ast-banner-title-visibility":"","ast-main-header-display":"","ast-hfb-above-header-display":"","ast-hfb-below-header-display":"","ast-hfb-mobile-header-display":"","site-post-title":"disabled","ast-breadcrumbs-content":"","ast-featured-img":"disabled","footer-sml-layout":"","ast-disable-related-posts":"","theme-transparent-header-meta":"","adv-header-id-meta":"","stick-header-meta":"","header-above-stick-meta":"","header-main-stick-meta":"","header-below-stick-meta":"","astra-migrate-meta-layouts":"default","ast-page-background-enabled":"default","ast-page-background-meta":{"desktop":{"background-color":"var(--ast-global-color-5)","background-image":"","background-repeat":"repeat","background-position":"center center","background-size":"auto","background-attachment":"scroll","background-type":"","background-media":"","overlay-type":"","overlay-color":"","overlay-opacity":"","overlay-gradient":""},"tablet":{"background-color":"","background-image":"","background-repeat":"repeat","background-position":"center center","background-size":"auto","background-attachment":"scroll","background-type":"","background-media":"","overlay-type":"","overlay-color":"","overlay-opacity":"","overlay-gradient":""},"mobile":{"background-color":"","background-image":"","background-repeat":"repeat","background-position":"center center","background-size":"auto","background-attachment":"scroll","background-type":"","background-media":"","overlay-type":"","overlay-color":"","overlay-opacity":"","overlay-gradient":""}},"ast-content-background-meta":{"desktop":{"background-color":"var(--ast-global-color-4)","background-image":"","background-repeat":"repeat","background-position":"center center","background-size":"auto","background-attachment":"scroll","background-type":"","background-media":"","overlay-type":"","overlay-color":"","overlay-opacity":"","overlay-gradient":""},"tablet":{"background-color":"var(--ast-global-color-4)","background-image":"","background-repeat":"repeat","background-position":"center center","background-size":"auto","background-attachment":"scroll","background-type":"","background-media":"","overlay-type":"","overlay-color":"","overlay-opacity":"","overlay-gradient":""},"mobile":{"background-color":"var(--ast-global-color-4)","background-image":"","background-repeat":"repeat","background-position":"center center","background-size":"auto","background-attachment":"scroll","background-type":"","background-media":"","overlay-type":"","overlay-color":"","overlay-opacity":"","overlay-gradient":""}},"footnotes":""},"class_list":["post-11","page","type-page","status-publish","hentry"],"_links":{"self":[{"href":"https:\/\/smokymorris.fi\/index.php?rest_route=\/wp\/v2\/pages\/11","targetHints":{"allow":["GET"]}}],"collection":[{"href":"https:\/\/smokymorris.fi\/index.php?rest_route=\/wp\/v2\/pages"}],"about":[{"href":"https:\/\/smokymorris.fi\/index.php?rest_route=\/wp\/v2\/types\/page"}],"author":[{"embeddable":true,"href":"https:\/\/smokymorris.fi\/index.php?rest_route=\/wp\/v2\/users\/1"}],"replies":[{"embeddable":true,"href":"https:\/\/smokymorris.fi\/index.php?rest_route=%2Fwp%2Fv2%2Fcomments&post=11"}],"version-history":[{"count":5,"href":"https:\/\/smokymorris.fi\/index.php?rest_route=\/wp\/v2\/pages\/11\/revisions"}],"predecessor-version":[{"id":170,"href":"https:\/\/smokymorris.fi\/index.php?rest_route=\/wp\/v2\/pages\/11\/revisions\/170"}],"wp:attachment":[{"href":"https:\/\/smokymorris.fi\/index.php?rest_route=%2Fwp%2Fv2%2Fmedia&parent=11"}],"curies":[{"name":"wp","href":"https:\/\/api.w.org\/{rel}","templated":true}]}}